{"id":133341,"date":"2007-04-15T07:22:56","date_gmt":"2007-04-15T02:22:56","guid":{"rendered":"https:\/\/wittysparks.com\/a-propos-de-nous\/"},"modified":"2024-12-14T17:22:20","modified_gmt":"2024-12-14T12:22:20","slug":"about-us","status":"publish","type":"page","link":"https:\/\/wittysparks.com\/fr\/about-us\/","title":{"rendered":"\u00c0 propos de nous"},"content":{"rendered":"\n<p>Ce qui n&rsquo;\u00e9tait au d\u00e9part qu&rsquo;une simple id\u00e9e il y a plus de dix ans est aujourd&rsquo;hui une plateforme mondiale enrichie de donn\u00e9es. WittySparks a \u00e9t\u00e9 cr\u00e9\u00e9 en 2007 (13 avril) par M. Sravan Kumar Kandagatla et Mme <a href=\"https:\/\/wittysparks.com\/author\/nishi\/\" data-type=\"page\" data-id=\"560\">Nishitha K<\/a>. Il s&rsquo;agit d&rsquo;un site de blogs consacr\u00e9 aux id\u00e9es et aux histoires pleines d&rsquo;esprit, aux nouvelles et aux derni\u00e8res innovations et \u00e9volutions. <\/p>\n\n<!--more-->\n\n<p>Gr\u00e2ce \u00e0 notre travail acharn\u00e9, \u00e0 notre esprit d&rsquo;\u00e9quipe et \u00e0 notre coh\u00e9rence, nous sommes aujourd&rsquo;hui une plateforme renomm\u00e9e qui fournit des connaissances et des informations \u00e0 une grande vari\u00e9t\u00e9 de publics dans divers domaines.<\/p>\n\n<p>Nous disposons d&rsquo;une communaut\u00e9 polyvalente de plus de 257 r\u00e9dacteurs et auteurs issus de divers horizons professionnels qui s&rsquo;engagent \u00e0 fournir un contenu utile, informatif et pr\u00e9cieux. En tant qu&rsquo;\u00e9quipe de r\u00e9dacteurs chevronn\u00e9s, nous prenons notre travail au s\u00e9rieux et nous nous effor\u00e7ons constamment de produire le contenu le plus sp\u00e9cialis\u00e9, le mieux document\u00e9 et le plus riche en connaissances pour notre public. Notre site web est exploit\u00e9 \u00e0 l&rsquo;aide d&rsquo;une <a data-lasso-id=\"2\" href=\"https:\/\/wittysparks.com\/services-we-use\/\">liste s\u00e9lective de services<\/a>, qui comprend des outils gratuits et payants, des plug-ins, des logiciels, etc.  <\/p>\n\n<p>Nous nous adressons et collaborons \u00e9galement avec des entreprises de toutes tailles et de toutes tailles dans des secteurs majeurs tels que la technologie, les affaires, les m\u00e9dias et le marketing, la sant\u00e9, l&rsquo;automobile et bien d&rsquo;autres encore, afin d&rsquo;obtenir des avis honn\u00eates et authentiques sur leurs produits et services, avec l&rsquo;aide de nos experts li\u00e9s au secteur, notamment des m\u00e9decins, des PDG, des cofondateurs, des avocats, des auteurs de livres et des conf\u00e9renciers, entre autres.<\/p>\n\n<p>Nous visons \u00e0 fournir des informations pr\u00e9cises et pertinentes \u00e0 nos lecteurs, ainsi qu&rsquo;\u00e0 offrir une \u00e9valuation critique aux organisations pour les aider \u00e0 mieux comprendre et \u00e0 am\u00e9liorer leurs produits et services du point de vue de leurs clients. En partenariat ou en collaboration avec plusieurs entreprises, comme Amazon, WittySparks vous propose des offres exclusives pour des logiciels, des outils, des applications, du commerce \u00e9lectronique et d&rsquo;autres sites utiles. <\/p>\n\n<h2 class=\"wp-block-heading\" id=\"services-we-offer\">Services que nous offrons :<\/h2>\n\n<h3 class=\"wp-block-heading\" id=\"product-reviews\">Avis sur les produits<\/h3>\n\n<p>Nos \u00e9valuations de produits comprennent des articles \u00e9crits et des \u00e9valuations vid\u00e9o de produits et de services.<\/p>\n\n<h3 class=\"wp-block-heading\" id=\"writing-services\">Services de r\u00e9daction<\/h3>\n\n<p>Notre \u00e9quipe interne de r\u00e9dacteurs poss\u00e8de une expertise dans la r\u00e9daction d&rsquo;articles sur divers sujets, produits, sites web et services, avec une analyse approfondie et des connaissances approfondies. Notre plateforme est \u00e9galement ouverte \u00e0 la publication d&rsquo;articles invit\u00e9s pour les r\u00e9dacteurs d\u00e9butants et exp\u00e9riment\u00e9s. <\/p>\n\n<h3 class=\"wp-block-heading\" id=\"social-media-promotions\">Promotions sur les r\u00e9seaux sociaux<\/h3>\n\n<p>Nos promotions sur les m\u00e9dias sociaux comprennent le partage des articles publi\u00e9s, des critiques, etc., sur Facebook, Instagram, Twitter, Pinterest, LinkedIn et d&rsquo;autres plateformes sociales, afin d&rsquo;atteindre un public plus large.<\/p>\n\n<h3 class=\"wp-block-heading\" id=\"partnership-opportunities\">Opportunit\u00e9s de partenariat<\/h3>\n\n<p>Nous avons nou\u00e9 des liens fructueux avec diverses entreprises et travaillons avec nos <a class=\"rank-math-link\" data-lasso-id=\"4\" href=\"https:\/\/wittysparks.com\/clients\/\">clients<\/a> sur des projets h\u00e9t\u00e9rog\u00e8nes. Nous sommes constamment \u00e0 la recherche d&rsquo;opportunit\u00e9s de partenariat pour travailler ensemble au d\u00e9veloppement et aux perspectives de croissance des deux entreprises \u00e0 long terme. <\/p>\n\n<h3 class=\"wp-block-heading\" id=\"sponsorship-or-advertising-opportunities\">Opportunit\u00e9s de parrainage ou de publicit\u00e9<\/h3>\n\n<p>Si vous \u00eates int\u00e9ress\u00e9 par le sponsoring ou la publicit\u00e9 sur WittySparks, vous pouvez nous contacter par e-mail.<\/p>\n\n<h3 class=\"wp-block-heading\" id=\"collaboration-opportunities\">Opportunit\u00e9s de collaboration<\/h3>\n\n<p>Nous sommes \u00e9galement dispos\u00e9s \u00e0 collaborer avec des entreprises sur des projets visant \u00e0 atteindre un objectif final d\u00e9fini.<\/p>\n\n<p class=\"has-text-align-center\">Vous pouvez nous contacter en utilisant<\/p>\n\n<p class=\"has-text-align-center\"><a href=\"https:\/\/wittysparks.com\/contact\/\" class=\"rank-math-link\" data-lasso-id=\"5\"><strong>Formulaire de contact<\/strong><\/a> ou<\/p>\n\n<p class=\"has-text-align-center\">Envoyez-nous un e-mail directement \u00e0 l&rsquo;adresse suivante :<\/p>\n\n<p class=\"has-text-align-center has-huge-font-size\"><strong>nishitha {{@}} wittysparks.com<\/strong><\/p>\n\n<p class=\"has-text-align-center\">avec vos exigences sp\u00e9cifiques.<\/p>\n","protected":false},"excerpt":{"rendered":"<p>Ce qui n&rsquo;\u00e9tait au d\u00e9part qu&rsquo;une simple id\u00e9e il y a plus de dix ans est aujourd&rsquo;hui une plateforme mondiale enrichie de donn\u00e9es. WittySparks a \u00e9t\u00e9 cr\u00e9\u00e9 en 2007 (13 avril) par M. Sravan Kumar Kandagatla et Mme Nishitha K. Il s&rsquo;agit d&rsquo;un site de blogs consacr\u00e9 aux id\u00e9es et aux histoires pleines d&rsquo;esprit, aux [&hellip;]<\/p>\n","protected":false},"author":1,"featured_media":0,"parent":0,"menu_order":0,"comment_status":"closed","ping_status":"closed","template":"","meta":{"_uag_custom_page_level_css":"","site-sidebar-layout":"default","site-content-layout":"","ast-site-content-layout":"default","site-content-style":"default","site-sidebar-style":"default","ast-global-header-display":"","ast-banner-title-visibility":"","ast-main-header-display":"","ast-hfb-above-header-display":"","ast-hfb-below-header-display":"","ast-hfb-mobile-header-display":"","site-post-title":"","ast-breadcrumbs-content":"","ast-featured-img":"","footer-sml-layout":"","ast-disable-related-posts":"","theme-transparent-header-meta":"","adv-header-id-meta":"","stick-header-meta":"","header-above-stick-meta":"","header-main-stick-meta":"","header-below-stick-meta":"","astra-migrate-meta-layouts":"default","ast-page-background-enabled":"default","ast-page-background-meta":{"desktop":{"background-color":"var(--ast-global-color-4)","background-image":"","background-repeat":"repeat","background-position":"center center","background-size":"auto","background-attachment":"scroll","background-type":"","background-media":"","overlay-type":"","overlay-color":"","overlay-opacity":"","overlay-gradient":""},"tablet":{"background-color":"","background-image":"","background-repeat":"repeat","background-position":"center center","background-size":"auto","background-attachment":"scroll","background-type":"","background-media":"","overlay-type":"","overlay-color":"","overlay-opacity":"","overlay-gradient":""},"mobile":{"background-color":"","background-image":"","background-repeat":"repeat","background-position":"center center","background-size":"auto","background-attachment":"scroll","background-type":"","background-media":"","overlay-type":"","overlay-color":"","overlay-opacity":"","overlay-gradient":""}},"ast-content-background-meta":{"desktop":{"background-color":"var(--ast-global-color-5)","background-image":"","background-repeat":"repeat","background-position":"center center","background-size":"auto","background-attachment":"scroll","background-type":"","background-media":"","overlay-type":"","overlay-color":"","overlay-opacity":"","overlay-gradient":""},"tablet":{"background-color":"var(--ast-global-color-5)","background-image":"","background-repeat":"repeat","background-position":"center center","background-size":"auto","background-attachment":"scroll","background-type":"","background-media":"","overlay-type":"","overlay-color":"","overlay-opacity":"","overlay-gradient":""},"mobile":{"background-color":"var(--ast-global-color-5)","background-image":"","background-repeat":"repeat","background-position":"center center","background-size":"auto","background-attachment":"scroll","background-type":"","background-media":"","overlay-type":"","overlay-color":"","overlay-opacity":"","overlay-gradient":""}},"footnotes":""},"class_list":["post-133341","page","type-page","status-publish","hentry"],"spectra_custom_meta":{"_top_nav_excluded":[""],"_cms_nav_minihome":[""],"_wp_page_template":["default"],"rank_math_title":["\u00c0 propos de nous \u2013 WittySparks"],"rank_math_description":["Wittysparks a \u00e9t\u00e9 cr\u00e9\u00e9 en 2007, en tant que site de blogs pour des id\u00e9es et des histoires spirituelles, des actualit\u00e9s et les derni\u00e8res innovations et d\u00e9veloppements."],"rank_math_focus_keyword":["\u00e0 propos de wittysparks"],"_last_translation_edit_mode":["translation-editor"],"_edit_last":["1"],"rank_math_auto_redirect":["a:1:{i:0;i:750;}"],"rank_math_analytic_object_id":["5201"],"rank_math_robots":["a:1:{i:0;s:5:\"index\";}"],"_edit_lock":["1734178941:1"],"_wpml_word_count":["{\"total\":627,\"to_translate\":{\"en\":627,\"de\":627,\"es\":627}}"],"ast-main-header-display":[""],"ast-hfb-above-header-display":[""],"ast-hfb-below-header-display":[""],"ast-hfb-mobile-header-display":[""],"adv-header-id-meta":[""],"footer-sml-layout":[""],"stick-header-meta":[""],"header-main-stick-meta":[""],"header-above-stick-meta":[""],"header-below-stick-meta":[""],"site-post-title":[""],"site-sidebar-layout":["default"],"site-content-layout":[""],"ast-featured-img":[""],"ast-breadcrumbs-content":[""],"theme-transparent-header-meta":[""],"ast-banner-title-visibility":[""],"ast-global-header-display":[""],"ast-site-content-layout":["default"],"site-content-style":["default"],"site-sidebar-style":["default"],"_uag_css_file_name":["uag-css-133341.css"],"_uagb_previous_block_counts":["a:90:{s:21:\"uagb\/advanced-heading\";i:0;s:15:\"uagb\/blockquote\";i:0;s:12:\"uagb\/buttons\";i:0;s:18:\"uagb\/buttons-child\";i:0;s:19:\"uagb\/call-to-action\";i:0;s:15:\"uagb\/cf7-styler\";i:0;s:11:\"uagb\/column\";i:0;s:12:\"uagb\/columns\";i:0;s:14:\"uagb\/container\";i:0;s:21:\"uagb\/content-timeline\";i:0;s:27:\"uagb\/content-timeline-child\";i:0;s:14:\"uagb\/countdown\";i:0;s:12:\"uagb\/counter\";i:0;s:8:\"uagb\/faq\";i:0;s:14:\"uagb\/faq-child\";i:0;s:10:\"uagb\/forms\";i:0;s:17:\"uagb\/forms-accept\";i:0;s:19:\"uagb\/forms-checkbox\";i:0;s:15:\"uagb\/forms-date\";i:0;s:16:\"uagb\/forms-email\";i:0;s:17:\"uagb\/forms-hidden\";i:0;s:15:\"uagb\/forms-name\";i:0;s:16:\"uagb\/forms-phone\";i:0;s:16:\"uagb\/forms-radio\";i:0;s:17:\"uagb\/forms-select\";i:0;s:19:\"uagb\/forms-textarea\";i:0;s:17:\"uagb\/forms-toggle\";i:0;s:14:\"uagb\/forms-url\";i:0;s:14:\"uagb\/gf-styler\";i:0;s:15:\"uagb\/google-map\";i:0;s:11:\"uagb\/how-to\";i:0;s:16:\"uagb\/how-to-step\";i:0;s:9:\"uagb\/icon\";i:0;s:14:\"uagb\/icon-list\";i:0;s:20:\"uagb\/icon-list-child\";i:0;s:10:\"uagb\/image\";i:0;s:18:\"uagb\/image-gallery\";i:0;s:13:\"uagb\/info-box\";i:0;s:18:\"uagb\/inline-notice\";i:0;s:11:\"uagb\/lottie\";i:0;s:21:\"uagb\/marketing-button\";i:0;s:10:\"uagb\/modal\";i:0;s:18:\"uagb\/popup-builder\";i:0;s:16:\"uagb\/post-button\";i:0;s:18:\"uagb\/post-carousel\";i:0;s:17:\"uagb\/post-excerpt\";i:0;s:14:\"uagb\/post-grid\";i:0;s:15:\"uagb\/post-image\";i:0;s:17:\"uagb\/post-masonry\";i:0;s:14:\"uagb\/post-meta\";i:0;s:18:\"uagb\/post-taxonomy\";i:0;s:18:\"uagb\/post-timeline\";i:0;s:15:\"uagb\/post-title\";i:0;s:20:\"uagb\/restaurant-menu\";i:0;s:26:\"uagb\/restaurant-menu-child\";i:0;s:11:\"uagb\/review\";i:0;s:12:\"uagb\/section\";i:0;s:14:\"uagb\/separator\";i:0;s:11:\"uagb\/slider\";i:0;s:17:\"uagb\/slider-child\";i:0;s:17:\"uagb\/social-share\";i:0;s:23:\"uagb\/social-share-child\";i:0;s:16:\"uagb\/star-rating\";i:0;s:23:\"uagb\/sure-cart-checkout\";i:0;s:22:\"uagb\/sure-cart-product\";i:0;s:15:\"uagb\/sure-forms\";i:0;s:22:\"uagb\/table-of-contents\";i:0;s:9:\"uagb\/tabs\";i:0;s:15:\"uagb\/tabs-child\";i:0;s:18:\"uagb\/taxonomy-list\";i:0;s:9:\"uagb\/team\";i:0;s:16:\"uagb\/testimonial\";i:0;s:14:\"uagb\/wp-search\";i:0;s:19:\"uagb\/instagram-feed\";i:0;s:10:\"uagb\/login\";i:0;s:17:\"uagb\/loop-builder\";i:0;s:18:\"uagb\/loop-category\";i:0;s:20:\"uagb\/loop-pagination\";i:0;s:15:\"uagb\/loop-reset\";i:0;s:16:\"uagb\/loop-search\";i:0;s:14:\"uagb\/loop-sort\";i:0;s:17:\"uagb\/loop-wrapper\";i:0;s:13:\"uagb\/register\";i:0;s:19:\"uagb\/register-email\";i:0;s:24:\"uagb\/register-first-name\";i:0;s:23:\"uagb\/register-last-name\";i:0;s:22:\"uagb\/register-password\";i:0;s:30:\"uagb\/register-reenter-password\";i:0;s:19:\"uagb\/register-terms\";i:0;s:22:\"uagb\/register-username\";i:0;}"],"_wpml_media_duplicate":["0"],"_wpml_media_featured":["0"]},"uagb_featured_image_src":{"full":false,"thumbnail":false,"medium":false,"medium_large":false,"large":false,"1536x1536":false,"2048x2048":false,"web-stories-poster-portrait":false,"web-stories-publisher-logo":false,"web-stories-thumbnail":false},"uagb_author_info":{"display_name":"Kandagatla Sadanandam","author_link":"https:\/\/wittysparks.com\/fr\/author\/admin\/"},"uagb_comment_info":0,"uagb_excerpt":"Ce qui n&rsquo;\u00e9tait au d\u00e9part qu&rsquo;une simple id\u00e9e il y a plus de dix ans est aujourd&rsquo;hui une plateforme mondiale enrichie de donn\u00e9es. WittySparks a \u00e9t\u00e9 cr\u00e9\u00e9 en 2007 (13 avril) par M. Sravan Kumar Kandagatla et Mme Nishitha K. Il s&rsquo;agit d&rsquo;un site de blogs consacr\u00e9 aux id\u00e9es et aux histoires pleines d&rsquo;esprit, aux\u2026","_links":{"self":[{"href":"https:\/\/wittysparks.com\/fr\/wp-json\/wp\/v2\/pages\/133341","targetHints":{"allow":["GET"]}}],"collection":[{"href":"https:\/\/wittysparks.com\/fr\/wp-json\/wp\/v2\/pages"}],"about":[{"href":"https:\/\/wittysparks.com\/fr\/wp-json\/wp\/v2\/types\/page"}],"author":[{"embeddable":true,"href":"https:\/\/wittysparks.com\/fr\/wp-json\/wp\/v2\/users\/1"}],"replies":[{"embeddable":true,"href":"https:\/\/wittysparks.com\/fr\/wp-json\/wp\/v2\/comments?post=133341"}],"version-history":[{"count":0,"href":"https:\/\/wittysparks.com\/fr\/wp-json\/wp\/v2\/pages\/133341\/revisions"}],"wp:attachment":[{"href":"https:\/\/wittysparks.com\/fr\/wp-json\/wp\/v2\/media?parent=133341"}],"curies":[{"name":"wp","href":"https:\/\/api.w.org\/{rel}","templated":true}]}}