{"id":133347,"date":"2020-11-06T22:18:24","date_gmt":"2020-11-06T17:18:24","guid":{"rendered":"https:\/\/wittysparks.com\/divulgation-daffiliation\/"},"modified":"2024-12-14T17:59:50","modified_gmt":"2024-12-14T12:59:50","slug":"affiliate-disclosure","status":"publish","type":"page","link":"https:\/\/wittysparks.com\/fr\/affiliate-disclosure\/","title":{"rendered":"Divulgation d&rsquo;affiliation"},"content":{"rendered":"\n<p>Bonjour \u00e0 tous les lecteurs. Wittysparks est un site de blog o\u00f9 nous avons tendance \u00e0 publier du contenu entrant. Pour g\u00e9n\u00e9rer un meilleur contenu, nous avons besoin d&rsquo;une source de revenus et nous recevons une grande partie de nos revenus par le biais du <a href=\"https:\/\/wittysparks.com\/benefits-of-affiliate-marketing-programs\/\" data-lasso-id=\"14\">marketing d&rsquo;affiliation<\/a>.   <\/p>\n\n<p>Nous recommandons des produits propos\u00e9s par des pairs de confiance. Il se peut que nous percevions une commission sur chaque achat effectu\u00e9 par le biais de nos liens affili\u00e9s. Veuillez noter que cela ne vous co\u00fbtera rien de plus si vous achetez des produits apr\u00e8s avoir cliqu\u00e9 dessus.   <\/p>\n\n<p>En utilisant ce site web, vous acceptez la divulgation.<\/p>\n","protected":false},"excerpt":{"rendered":"<p>Bonjour \u00e0 tous les lecteurs. Wittysparks est un site de blog o\u00f9 nous avons tendance \u00e0 publier du contenu entrant. Pour g\u00e9n\u00e9rer un meilleur contenu, nous avons besoin d&rsquo;une source de revenus et nous recevons une grande partie de nos revenus par le biais du marketing d&rsquo;affiliation. Nous recommandons des produits propos\u00e9s par des pairs [&hellip;]<\/p>\n","protected":false},"author":1,"featured_media":0,"parent":0,"menu_order":0,"comment_status":"closed","ping_status":"closed","template":"","meta":{"_uag_custom_page_level_css":"","site-sidebar-layout":"default","site-content-layout":"","ast-site-content-layout":"default","site-content-style":"default","site-sidebar-style":"default","ast-global-header-display":"","ast-banner-title-visibility":"","ast-main-header-display":"","ast-hfb-above-header-display":"","ast-hfb-below-header-display":"","ast-hfb-mobile-header-display":"","site-post-title":"","ast-breadcrumbs-content":"","ast-featured-img":"","footer-sml-layout":"","ast-disable-related-posts":"","theme-transparent-header-meta":"","adv-header-id-meta":"","stick-header-meta":"","header-above-stick-meta":"","header-main-stick-meta":"","header-below-stick-meta":"","astra-migrate-meta-layouts":"default","ast-page-background-enabled":"default","ast-page-background-meta":{"desktop":{"background-color":"var(--ast-global-color-4)","background-image":"","background-repeat":"repeat","background-position":"center center","background-size":"auto","background-attachment":"scroll","background-type":"","background-media":"","overlay-type":"","overlay-color":"","overlay-opacity":"","overlay-gradient":""},"tablet":{"background-color":"","background-image":"","background-repeat":"repeat","background-position":"center center","background-size":"auto","background-attachment":"scroll","background-type":"","background-media":"","overlay-type":"","overlay-color":"","overlay-opacity":"","overlay-gradient":""},"mobile":{"background-color":"","background-image":"","background-repeat":"repeat","background-position":"center center","background-size":"auto","background-attachment":"scroll","background-type":"","background-media":"","overlay-type":"","overlay-color":"","overlay-opacity":"","overlay-gradient":""}},"ast-content-background-meta":{"desktop":{"background-color":"var(--ast-global-color-5)","background-image":"","background-repeat":"repeat","background-position":"center center","background-size":"auto","background-attachment":"scroll","background-type":"","background-media":"","overlay-type":"","overlay-color":"","overlay-opacity":"","overlay-gradient":""},"tablet":{"background-color":"var(--ast-global-color-5)","background-image":"","background-repeat":"repeat","background-position":"center center","background-size":"auto","background-attachment":"scroll","background-type":"","background-media":"","overlay-type":"","overlay-color":"","overlay-opacity":"","overlay-gradient":""},"mobile":{"background-color":"var(--ast-global-color-5)","background-image":"","background-repeat":"repeat","background-position":"center center","background-size":"auto","background-attachment":"scroll","background-type":"","background-media":"","overlay-type":"","overlay-color":"","overlay-opacity":"","overlay-gradient":""}},"footnotes":""},"class_list":["post-133347","page","type-page","status-publish","hentry"],"spectra_custom_meta":{"_top_nav_excluded":[""],"_cms_nav_minihome":[""],"rank_math_description":["Nous pouvons percevoir une commission sur les achats effectu\u00e9s via nos liens d'affiliation. Votre soutien est appr\u00e9ci\u00e9 et garantit que notre contenu reste gratuit. "],"rank_math_focus_keyword":["Divulgation d'affiliation"],"_last_translation_edit_mode":["translation-editor"],"_edit_last":["1"],"rank_math_auto_redirect":["a:1:{i:0;i:752;}"],"rank_math_analytic_object_id":["5203"],"_wp_page_template":[""],"rank_math_robots":["a:1:{i:0;s:5:\"index\";}"],"_edit_lock":["1734181191:1"],"_wpml_word_count":["{\"total\":139,\"to_translate\":{\"en\":139,\"de\":139,\"es\":139}}"],"_uag_css_file_name":["uag-css-133347.css"],"_uagb_previous_block_counts":["a:90:{s:21:\"uagb\/advanced-heading\";i:0;s:15:\"uagb\/blockquote\";i:0;s:12:\"uagb\/buttons\";i:0;s:18:\"uagb\/buttons-child\";i:0;s:19:\"uagb\/call-to-action\";i:0;s:15:\"uagb\/cf7-styler\";i:0;s:11:\"uagb\/column\";i:0;s:12:\"uagb\/columns\";i:0;s:14:\"uagb\/container\";i:0;s:21:\"uagb\/content-timeline\";i:0;s:27:\"uagb\/content-timeline-child\";i:0;s:14:\"uagb\/countdown\";i:0;s:12:\"uagb\/counter\";i:0;s:8:\"uagb\/faq\";i:0;s:14:\"uagb\/faq-child\";i:0;s:10:\"uagb\/forms\";i:0;s:17:\"uagb\/forms-accept\";i:0;s:19:\"uagb\/forms-checkbox\";i:0;s:15:\"uagb\/forms-date\";i:0;s:16:\"uagb\/forms-email\";i:0;s:17:\"uagb\/forms-hidden\";i:0;s:15:\"uagb\/forms-name\";i:0;s:16:\"uagb\/forms-phone\";i:0;s:16:\"uagb\/forms-radio\";i:0;s:17:\"uagb\/forms-select\";i:0;s:19:\"uagb\/forms-textarea\";i:0;s:17:\"uagb\/forms-toggle\";i:0;s:14:\"uagb\/forms-url\";i:0;s:14:\"uagb\/gf-styler\";i:0;s:15:\"uagb\/google-map\";i:0;s:11:\"uagb\/how-to\";i:0;s:16:\"uagb\/how-to-step\";i:0;s:9:\"uagb\/icon\";i:0;s:14:\"uagb\/icon-list\";i:0;s:20:\"uagb\/icon-list-child\";i:0;s:10:\"uagb\/image\";i:0;s:18:\"uagb\/image-gallery\";i:0;s:13:\"uagb\/info-box\";i:0;s:18:\"uagb\/inline-notice\";i:0;s:11:\"uagb\/lottie\";i:0;s:21:\"uagb\/marketing-button\";i:0;s:10:\"uagb\/modal\";i:0;s:18:\"uagb\/popup-builder\";i:0;s:16:\"uagb\/post-button\";i:0;s:18:\"uagb\/post-carousel\";i:0;s:17:\"uagb\/post-excerpt\";i:0;s:14:\"uagb\/post-grid\";i:0;s:15:\"uagb\/post-image\";i:0;s:17:\"uagb\/post-masonry\";i:0;s:14:\"uagb\/post-meta\";i:0;s:18:\"uagb\/post-taxonomy\";i:0;s:18:\"uagb\/post-timeline\";i:0;s:15:\"uagb\/post-title\";i:0;s:20:\"uagb\/restaurant-menu\";i:0;s:26:\"uagb\/restaurant-menu-child\";i:0;s:11:\"uagb\/review\";i:0;s:12:\"uagb\/section\";i:0;s:14:\"uagb\/separator\";i:0;s:11:\"uagb\/slider\";i:0;s:17:\"uagb\/slider-child\";i:0;s:17:\"uagb\/social-share\";i:0;s:23:\"uagb\/social-share-child\";i:0;s:16:\"uagb\/star-rating\";i:0;s:23:\"uagb\/sure-cart-checkout\";i:0;s:22:\"uagb\/sure-cart-product\";i:0;s:15:\"uagb\/sure-forms\";i:0;s:22:\"uagb\/table-of-contents\";i:0;s:9:\"uagb\/tabs\";i:0;s:15:\"uagb\/tabs-child\";i:0;s:18:\"uagb\/taxonomy-list\";i:0;s:9:\"uagb\/team\";i:0;s:16:\"uagb\/testimonial\";i:0;s:14:\"uagb\/wp-search\";i:0;s:19:\"uagb\/instagram-feed\";i:0;s:10:\"uagb\/login\";i:0;s:17:\"uagb\/loop-builder\";i:0;s:18:\"uagb\/loop-category\";i:0;s:20:\"uagb\/loop-pagination\";i:0;s:15:\"uagb\/loop-reset\";i:0;s:16:\"uagb\/loop-search\";i:0;s:14:\"uagb\/loop-sort\";i:0;s:17:\"uagb\/loop-wrapper\";i:0;s:13:\"uagb\/register\";i:0;s:19:\"uagb\/register-email\";i:0;s:24:\"uagb\/register-first-name\";i:0;s:23:\"uagb\/register-last-name\";i:0;s:22:\"uagb\/register-password\";i:0;s:30:\"uagb\/register-reenter-password\";i:0;s:19:\"uagb\/register-terms\";i:0;s:22:\"uagb\/register-username\";i:0;}"],"_wpml_media_duplicate":["0"],"_wpml_media_featured":["0"],"_uag_page_assets":["a:9:{s:3:\"css\";s:0:\"\";s:2:\"js\";s:0:\"\";s:18:\"current_block_list\";a:16:{i:0;s:14:\"core\/paragraph\";i:1;s:12:\"core\/heading\";i:2;s:12:\"core\/columns\";i:3;s:11:\"core\/column\";i:4;s:9:\"core\/list\";i:5;s:14:\"core\/list-item\";i:6;s:17:\"core\/widget-group\";i:7;s:15:\"core\/media-text\";i:8;s:12:\"core\/buttons\";i:9;s:11:\"core\/button\";i:10;s:17:\"core\/social-links\";i:11;s:16:\"core\/social-link\";i:12;s:14:\"core\/shortcode\";i:13;s:17:\"core\/latest-posts\";i:14;s:11:\"core\/search\";i:15;s:10:\"core\/image\";}s:8:\"uag_flag\";b:0;s:11:\"uag_version\";i:1776803353;s:6:\"gfonts\";a:0:{}s:10:\"gfonts_url\";s:0:\"\";s:12:\"gfonts_files\";a:0:{}s:14:\"uag_faq_layout\";b:0;}"]},"uagb_featured_image_src":{"full":false,"thumbnail":false,"medium":false,"medium_large":false,"large":false,"1536x1536":false,"2048x2048":false,"web-stories-poster-portrait":false,"web-stories-publisher-logo":false,"web-stories-thumbnail":false},"uagb_author_info":{"display_name":"Kandagatla Sadanandam","author_link":"https:\/\/wittysparks.com\/fr\/author\/admin\/"},"uagb_comment_info":0,"uagb_excerpt":"Bonjour \u00e0 tous les lecteurs. Wittysparks est un site de blog o\u00f9 nous avons tendance \u00e0 publier du contenu entrant. Pour g\u00e9n\u00e9rer un meilleur contenu, nous avons besoin d&rsquo;une source de revenus et nous recevons une grande partie de nos revenus par le biais du marketing d&rsquo;affiliation. Nous recommandons des produits propos\u00e9s par des pairs\u2026","_links":{"self":[{"href":"https:\/\/wittysparks.com\/fr\/wp-json\/wp\/v2\/pages\/133347","targetHints":{"allow":["GET"]}}],"collection":[{"href":"https:\/\/wittysparks.com\/fr\/wp-json\/wp\/v2\/pages"}],"about":[{"href":"https:\/\/wittysparks.com\/fr\/wp-json\/wp\/v2\/types\/page"}],"author":[{"embeddable":true,"href":"https:\/\/wittysparks.com\/fr\/wp-json\/wp\/v2\/users\/1"}],"replies":[{"embeddable":true,"href":"https:\/\/wittysparks.com\/fr\/wp-json\/wp\/v2\/comments?post=133347"}],"version-history":[{"count":0,"href":"https:\/\/wittysparks.com\/fr\/wp-json\/wp\/v2\/pages\/133347\/revisions"}],"wp:attachment":[{"href":"https:\/\/wittysparks.com\/fr\/wp-json\/wp\/v2\/media?parent=133347"}],"curies":[{"name":"wp","href":"https:\/\/api.w.org\/{rel}","templated":true}]}}