{"id":133349,"date":"2011-09-26T10:44:31","date_gmt":"2011-09-26T05:44:31","guid":{"rendered":"https:\/\/wittysparks.com\/politique-de-confidentialite\/"},"modified":"2024-12-14T18:04:04","modified_gmt":"2024-12-14T13:04:04","slug":"privacy-policy","status":"publish","type":"page","link":"https:\/\/wittysparks.com\/fr\/privacy-policy\/","title":{"rendered":"politique de confidentialit\u00e9"},"content":{"rendered":"<h2>WittySparks.com : POLITIQUE DE CONFIDENTIALIT\u00c9<\/h2>\n<p>WittySparks, qui poss\u00e8de et g\u00e8re le site web www.WittySparks.com, appr\u00e9cie votre soutien et sait que vous vous souciez de la confidentialit\u00e9 de vos informations personnelles, que nous prenons tr\u00e8s au s\u00e9rieux. La pr\u00e9sente politique de confidentialit\u00e9 (\u00ab\u00a0politique\u00a0\u00bb) d\u00e9crit les informations que nous recueillons et la mani\u00e8re dont elles sont utilis\u00e9es et divulgu\u00e9es sur notre site web. Si vous avez des questions sur cette politique de confidentialit\u00e9, veuillez contacter l&rsquo;\u00e9quipe \u00e0 admin@wittysparks.com. Cette politique ne concerne que les informations que nous recueillons lors de votre utilisation du site WittySparks.com, qui comporte de nombreux liens vers d&rsquo;autres sites web. Ces autres sites externes auront leur propre politique de confidentialit\u00e9 concernant la collecte et l&rsquo;utilisation d&rsquo;informations ou de donn\u00e9es personnelles. Nous vous encourageons \u00e0 vous renseigner sur les politiques de confidentialit\u00e9 et de s\u00e9curit\u00e9 de ces autres sites avant de leur fournir vos informations personnelles. <strong>Politique de commentaires de WittySparks :<\/strong><br \/>\nToute information que vous soumettez personnellement sur notre page de commentaires devient une information publique. WittySparks.com est un site plus orient\u00e9 vers le public, comme sur la plupart des choses, nous ne pouvons pas contr\u00f4ler les informations des utilisateurs et nous vous conseillons d&rsquo;utiliser votre discr\u00e9tion lorsque vous partagez vos informations sur l&rsquo;Internet. Toutes les informations que vous partagez ou soumettez sont facultatives, nous ne vous for\u00e7ons jamais \u00e0 soumettre vos donn\u00e9es personnelles en ligne. Nous vous encourageons donc \u00e0 prendre soin de vous lorsque vous divulguez vos informations personnelles en ligne avec d&rsquo;autres personnes. <strong>Partage d&rsquo;informations :<\/strong><br \/>\nNous ne vendons ni ne louons vos informations personnelles collect\u00e9es via les commentaires, les forums, les blogs ou les vid\u00e9os. Vous seul avez acc\u00e8s \u00e0 votre propre compte de syst\u00e8me de commentaires ou \u00e0 vos comptes dans les forums, blogs ou vid\u00e9os, qui sont prot\u00e9g\u00e9s par vos propres mots de passe. <strong>Politique de WittySparks concernant les blogs, vid\u00e9os et forums :<\/strong><br \/>\nL&rsquo;utilisateur individuel ou la personne est enti\u00e8rement responsable du contenu ou des informations partag\u00e9es avec le public via les forums, les blogs ou les vid\u00e9os et les d\u00e9tails de l&rsquo;utilisateur sont mentionn\u00e9s sur chaque message afin d&rsquo;identifier la personne qui a partag\u00e9 l&rsquo;information. Les d\u00e9tails de l&rsquo;utilisateur sont mentionn\u00e9s sur chaque message afin d&rsquo;identifier la personne qui a partag\u00e9 l&rsquo;information. <strong>Donnez le cr\u00e9dit \u00e0 WittySparks si vous utilisez nos informations :<\/strong><br \/>\nNous ne donnons pas la permission d&rsquo;utiliser des donn\u00e9es compl\u00e8tes sur un autre site web m\u00eame apr\u00e8s avoir donn\u00e9 le cr\u00e9dit \u00e0 WittySparks. Mais vous pouvez toujours utiliser un court extrait de texte de WittySparks sur votre site web, votre blog ou votre forum, \u00e0 condition de mentionner le nom de WittySparks dans un lien vers la page o\u00f9 vous avez trouv\u00e9 le contenu. <strong>Modifications de la politique de confidentialit\u00e9 :<\/strong><br \/>\nCette politique de confidentialit\u00e9 peut \u00eatre r\u00e9vis\u00e9e, modifi\u00e9e ou mise \u00e0 jour \u00e0 tout moment. Nous vous demandons donc de v\u00e9rifier et de vous assurer que vous connaissez la version la plus r\u00e9cente de la politique de confidentialit\u00e9. Si nous avons mis \u00e0 jour la politique, nous changerons la \u00ab\u00a0date de modification\u00a0\u00bb au bas de cette page.  <\/p>\n<p><em>Date de modification : 26 septembre 2011<\/em><\/p>\n","protected":false},"excerpt":{"rendered":"<p>WittySparks.com : POLITIQUE DE CONFIDENTIALIT\u00c9 WittySparks, qui poss\u00e8de et g\u00e8re le site web www.WittySparks.com, appr\u00e9cie votre soutien et sait que vous vous souciez de la confidentialit\u00e9 de vos informations personnelles, que nous prenons tr\u00e8s au s\u00e9rieux. La pr\u00e9sente politique de confidentialit\u00e9 (\u00ab\u00a0politique\u00a0\u00bb) d\u00e9crit les informations que nous recueillons et la mani\u00e8re dont elles sont utilis\u00e9es [&hellip;]<\/p>\n","protected":false},"author":1,"featured_media":0,"parent":0,"menu_order":0,"comment_status":"closed","ping_status":"open","template":"","meta":{"_uag_custom_page_level_css":"","site-sidebar-layout":"default","site-content-layout":"","ast-site-content-layout":"default","site-content-style":"default","site-sidebar-style":"default","ast-global-header-display":"","ast-banner-title-visibility":"","ast-main-header-display":"","ast-hfb-above-header-display":"","ast-hfb-below-header-display":"","ast-hfb-mobile-header-display":"","site-post-title":"","ast-breadcrumbs-content":"","ast-featured-img":"","footer-sml-layout":"","ast-disable-related-posts":"","theme-transparent-header-meta":"","adv-header-id-meta":"","stick-header-meta":"","header-above-stick-meta":"","header-main-stick-meta":"","header-below-stick-meta":"","astra-migrate-meta-layouts":"default","ast-page-background-enabled":"default","ast-page-background-meta":{"desktop":{"background-color":"var(--ast-global-color-4)","background-image":"","background-repeat":"repeat","background-position":"center center","background-size":"auto","background-attachment":"scroll","background-type":"","background-media":"","overlay-type":"","overlay-color":"","overlay-opacity":"","overlay-gradient":""},"tablet":{"background-color":"","background-image":"","background-repeat":"repeat","background-position":"center center","background-size":"auto","background-attachment":"scroll","background-type":"","background-media":"","overlay-type":"","overlay-color":"","overlay-opacity":"","overlay-gradient":""},"mobile":{"background-color":"","background-image":"","background-repeat":"repeat","background-position":"center center","background-size":"auto","background-attachment":"scroll","background-type":"","background-media":"","overlay-type":"","overlay-color":"","overlay-opacity":"","overlay-gradient":""}},"ast-content-background-meta":{"desktop":{"background-color":"var(--ast-global-color-5)","background-image":"","background-repeat":"repeat","background-position":"center center","background-size":"auto","background-attachment":"scroll","background-type":"","background-media":"","overlay-type":"","overlay-color":"","overlay-opacity":"","overlay-gradient":""},"tablet":{"background-color":"var(--ast-global-color-5)","background-image":"","background-repeat":"repeat","background-position":"center center","background-size":"auto","background-attachment":"scroll","background-type":"","background-media":"","overlay-type":"","overlay-color":"","overlay-opacity":"","overlay-gradient":""},"mobile":{"background-color":"var(--ast-global-color-5)","background-image":"","background-repeat":"repeat","background-position":"center center","background-size":"auto","background-attachment":"scroll","background-type":"","background-media":"","overlay-type":"","overlay-color":"","overlay-opacity":"","overlay-gradient":""}},"footnotes":""},"class_list":["post-133349","page","type-page","status-publish","hentry"],"spectra_custom_meta":{"_top_nav_excluded":[""],"_cms_nav_minihome":[""],"_wp_page_template":["default"],"_edit_last":["1"],"rank_math_auto_redirect":["a:1:{i:0;i:753;}"],"rank_math_analytic_object_id":["5204"],"rank_math_robots":["a:1:{i:0;s:5:\"index\";}"],"_last_translation_edit_mode":["translation-editor"],"_edit_lock":["1734181445:1"],"_wpml_word_count":["{\"total\":538,\"to_translate\":{\"en\":538,\"de\":538,\"es\":538}}"],"_uag_css_file_name":["uag-css-133349.css"]},"uagb_featured_image_src":{"full":false,"thumbnail":false,"medium":false,"medium_large":false,"large":false,"1536x1536":false,"2048x2048":false,"web-stories-poster-portrait":false,"web-stories-publisher-logo":false,"web-stories-thumbnail":false},"uagb_author_info":{"display_name":"Kandagatla Sadanandam","author_link":"https:\/\/wittysparks.com\/fr\/author\/admin\/"},"uagb_comment_info":0,"uagb_excerpt":"WittySparks.com : POLITIQUE DE CONFIDENTIALIT\u00c9 WittySparks, qui poss\u00e8de et g\u00e8re le site web www.WittySparks.com, appr\u00e9cie votre soutien et sait que vous vous souciez de la confidentialit\u00e9 de vos informations personnelles, que nous prenons tr\u00e8s au s\u00e9rieux. La pr\u00e9sente politique de confidentialit\u00e9 (\u00ab\u00a0politique\u00a0\u00bb) d\u00e9crit les informations que nous recueillons et la mani\u00e8re dont elles sont utilis\u00e9es\u2026","_links":{"self":[{"href":"https:\/\/wittysparks.com\/fr\/wp-json\/wp\/v2\/pages\/133349","targetHints":{"allow":["GET"]}}],"collection":[{"href":"https:\/\/wittysparks.com\/fr\/wp-json\/wp\/v2\/pages"}],"about":[{"href":"https:\/\/wittysparks.com\/fr\/wp-json\/wp\/v2\/types\/page"}],"author":[{"embeddable":true,"href":"https:\/\/wittysparks.com\/fr\/wp-json\/wp\/v2\/users\/1"}],"replies":[{"embeddable":true,"href":"https:\/\/wittysparks.com\/fr\/wp-json\/wp\/v2\/comments?post=133349"}],"version-history":[{"count":0,"href":"https:\/\/wittysparks.com\/fr\/wp-json\/wp\/v2\/pages\/133349\/revisions"}],"wp:attachment":[{"href":"https:\/\/wittysparks.com\/fr\/wp-json\/wp\/v2\/media?parent=133349"}],"curies":[{"name":"wp","href":"https:\/\/api.w.org\/{rel}","templated":true}]}}